{"id":2993,"date":"2023-08-05T11:57:40","date_gmt":"2023-08-05T11:57:40","guid":{"rendered":"https:\/\/ampmain.hgdevs.org\/?page_id=2993"},"modified":"2023-09-02T23:07:33","modified_gmt":"2023-09-02T21:07:33","slug":"impressum","status":"publish","type":"page","link":"https:\/\/ampmain.hgdevs.org\/index.php\/impressum\/","title":{"rendered":"Impressum"},"content":{"rendered":"<p>[vc_row][vc_column][vc_column_text]<\/p>\n<h2>Angaben gem\u00e4\u00df \u00a7 5 TMG<\/h2>\n<p>AMP Lift GmbH<br \/>\nB\u00fcrgermeister-M\u00fcller-Str. 2B<br \/>\n86663 Asbach-B\u00e4umenheim<br \/>\nHandelsregister: HRB 36129<br \/>\nRegistergericht: Amtsgericht Augsburg<\/p>\n<h4>Vertreten durch:<\/h4>\n<p>Gabriele Kraft<\/p>\n<h2>Kontakt<\/h2>\n<p>Telefon: +49 (0) 906-976439-20<br \/>\nE-Mail: service@amp-lift-gmbh.de<\/p>\n<h2>Umsatzsteuer-ID<\/h2>\n<p>Umsatzsteuer-Identifikationsnummer gem\u00e4\u00df \u00a7 27 a Umsatzsteuergesetz:<br \/>\nDE343744963<\/p>\n<h2>Redaktionell verantwortlich<\/h2>\n<p>AMP Lift GmbH<\/p>\n<h2>EU-Streitschlichtung<\/h2>\n<p>Die Europ\u00e4ische Kommission stellt eine Plattform zur Online-Streitbeilegung (OS) bereit:<br \/>\n<a href=\"https:\/\/ec.europa.eu\/consumers\/odr\/\">https:\/\/ec.europa.eu\/consumers\/odr\/<\/a>.<br \/>\nUnsere E-Mail-Adresse finden Sie oben im Impressum.<\/p>\n<h2>Verbraucherstreitbeilegung\/Universalschlichtungsstelle<\/h2>\n<p>Wir sind nicht bereit oder verpflichtet, an Streitbeilegungsverfahren vor einer<br \/>\nVerbraucherschlichtungsstelle teilzunehmen.[\/vc_column_text][\/vc_column][\/vc_row]<\/p>\n","protected":false},"excerpt":{"rendered":"<p>[vc_row][vc_column][vc_column_text] Angaben gem\u00e4\u00df \u00a7 5 TMG AMP Lift GmbH B\u00fcrgermeister-M\u00fcller-Str. 2B 86663 Asbach-B\u00e4umenheim Handelsregister: HRB 36129 Registergericht: Amtsgericht Augsburg Vertreten durch: Gabriele Kraft Kontakt Telefon: +49 (0) 906-976439-20 E-Mail: service@amp-lift-gmbh.de Umsatzsteuer-ID Umsatzsteuer-Identifikationsnummer gem\u00e4\u00df \u00a7 27 a Umsatzsteuergesetz: DE343744963 Redaktionell verantwortlich AMP Lift GmbH EU-Streitschlichtung Die Europ\u00e4ische Kommission stellt eine Plattform zur Online-Streitbeilegung (OS) bereit: https:\/\/ec.europa.eu\/consumers\/odr\/. &hellip; <a href=\"https:\/\/ampmain.hgdevs.org\/index.php\/impressum\/\" class=\"more-link\">Continue reading <span class=\"screen-reader-text\">Impressum<\/span><\/a><\/p>\n","protected":false},"author":1,"featured_media":0,"parent":0,"menu_order":0,"comment_status":"closed","ping_status":"closed","template":"","meta":{"footnotes":""},"class_list":["post-2993","page","type-page","status-publish","hentry"],"_links":{"self":[{"href":"https:\/\/ampmain.hgdevs.org\/index.php\/wp-json\/wp\/v2\/pages\/2993","targetHints":{"allow":["GET"]}}],"collection":[{"href":"https:\/\/ampmain.hgdevs.org\/index.php\/wp-json\/wp\/v2\/pages"}],"about":[{"href":"https:\/\/ampmain.hgdevs.org\/index.php\/wp-json\/wp\/v2\/types\/page"}],"author":[{"embeddable":true,"href":"https:\/\/ampmain.hgdevs.org\/index.php\/wp-json\/wp\/v2\/users\/1"}],"replies":[{"embeddable":true,"href":"https:\/\/ampmain.hgdevs.org\/index.php\/wp-json\/wp\/v2\/comments?post=2993"}],"version-history":[{"count":4,"href":"https:\/\/ampmain.hgdevs.org\/index.php\/wp-json\/wp\/v2\/pages\/2993\/revisions"}],"predecessor-version":[{"id":3095,"href":"https:\/\/ampmain.hgdevs.org\/index.php\/wp-json\/wp\/v2\/pages\/2993\/revisions\/3095"}],"wp:attachment":[{"href":"https:\/\/ampmain.hgdevs.org\/index.php\/wp-json\/wp\/v2\/media?parent=2993"}],"curies":[{"name":"wp","href":"https:\/\/api.w.org\/{rel}","templated":true}]}}