{"id":3067,"date":"2023-09-01T21:35:33","date_gmt":"2023-09-01T19:35:33","guid":{"rendered":"https:\/\/ampmain.hgdevs.org\/?page_id=3067"},"modified":"2023-10-21T10:46:29","modified_gmt":"2023-10-21T08:46:29","slug":"kontakt","status":"publish","type":"page","link":"https:\/\/ampmain.hgdevs.org\/index.php\/kontakt\/","title":{"rendered":"Kontakt"},"content":{"rendered":"<p>[vc_row][vc_column]\n<div class=\"wpcf7 no-js\" id=\"wpcf7-f2803-o1\" lang=\"en-US\" dir=\"ltr\" data-wpcf7-id=\"2803\">\n<div class=\"screen-reader-response\"><p role=\"status\" aria-live=\"polite\" aria-atomic=\"true\"><\/p> <ul><\/ul><\/div>\n<form action=\"\/index.php\/wp-json\/wp\/v2\/pages\/3067#wpcf7-f2803-o1\" method=\"post\" class=\"wpcf7-form init\" aria-label=\"Contact form\" novalidate=\"novalidate\" data-status=\"init\">\n<fieldset class=\"hidden-fields-container\"><input type=\"hidden\" name=\"_wpcf7\" value=\"2803\" \/><input type=\"hidden\" name=\"_wpcf7_version\" value=\"6.1.5\" \/><input type=\"hidden\" name=\"_wpcf7_locale\" value=\"en_US\" \/><input type=\"hidden\" name=\"_wpcf7_unit_tag\" value=\"wpcf7-f2803-o1\" \/><input type=\"hidden\" name=\"_wpcf7_container_post\" value=\"0\" \/><input type=\"hidden\" name=\"_wpcf7_posted_data_hash\" value=\"\" \/>\n<\/fieldset>\n<div class=\"tm-commonform tm-form-styleone\">\n\t<div class=\"row\">\n\t\t<div class=\"col-md-6\">\n\t\t\t<div class=\"field-group\">\n\t\t\t\t<p><span class=\"wpcf7-form-control-wrap\" data-name=\"vorname\"><input size=\"40\" maxlength=\"400\" class=\"wpcf7-form-control wpcf7-text wpcf7-validates-as-required\" aria-required=\"true\" aria-invalid=\"false\" placeholder=\"Vorname\" value=\"\" type=\"text\" name=\"vorname\" \/><\/span>\n\t\t\t\t<\/p>\n\t\t\t<\/div>\n\t\t\t<div class=\"field-group\">\n\t\t\t\t<p><span class=\"wpcf7-form-control-wrap\" data-name=\"unternehmen\"><input size=\"40\" maxlength=\"400\" class=\"wpcf7-form-control wpcf7-text\" aria-invalid=\"false\" placeholder=\"Unternehmen\" value=\"\" type=\"text\" name=\"unternehmen\" \/><\/span>\n\t\t\t\t<\/p>\n\t\t\t<\/div>\n\t\t<\/div>\n\t\t<div class=\"col-md-6\">\n\t\t\t<div class=\"field-group\">\n\t\t\t\t<p><span class=\"wpcf7-form-control-wrap\" data-name=\"nachname\"><input size=\"40\" maxlength=\"400\" class=\"wpcf7-form-control wpcf7-text wpcf7-validates-as-required\" aria-required=\"true\" aria-invalid=\"false\" placeholder=\"Nachname\" value=\"\" type=\"text\" name=\"nachname\" \/><\/span>\n\t\t\t\t<\/p>\n\t\t\t<\/div>\n\t\t\t<div class=\"field-group\">\n\t\t\t\t<p><span class=\"wpcf7-form-control-wrap\" data-name=\"email\"><input size=\"40\" maxlength=\"400\" class=\"wpcf7-form-control wpcf7-email wpcf7-validates-as-required wpcf7-text wpcf7-validates-as-email\" aria-required=\"true\" aria-invalid=\"false\" placeholder=\"E-Mail-Adresse\" value=\"\" type=\"email\" name=\"email\" \/><\/span>\n\t\t\t\t<\/p>\n\t\t\t<\/div>\n\t\t<\/div>\n\t\t<div class=\"col-md-12\">\n\t\t\t<div class=\"field-group\">\n\t\t\t\t<p><span class=\"wpcf7-form-control-wrap\" data-name=\"betreff\"><input size=\"40\" maxlength=\"400\" class=\"wpcf7-form-control wpcf7-text wpcf7-validates-as-required\" aria-required=\"true\" aria-invalid=\"false\" placeholder=\"Betreff\" value=\"\" type=\"text\" name=\"betreff\" \/><\/span>\n\t\t\t\t<\/p>\n\t\t\t<\/div>\n\t\t\t<div class=\"field-group\">\n\t\t\t\t<p><span class=\"wpcf7-form-control-wrap\" data-name=\"nachricht\"><textarea cols=\"40\" rows=\"3\" maxlength=\"2000\" class=\"wpcf7-form-control wpcf7-textarea wpcf7-validates-as-required\" aria-required=\"true\" aria-invalid=\"false\" placeholder=\"Ihre Nachricht\" name=\"nachricht\"><\/textarea><\/span>\n\t\t\t\t<\/p>\n\t\t\t<\/div>\n\t\t<\/div>\n\t\t<div class=\"col-md-12\">\n\t\t\t<div class=\"field-group\">\n\t\t\t\t<p><span class=\"wpcf7-form-control-wrap\" data-name=\"daten\"><span class=\"wpcf7-form-control wpcf7-checkbox wpcf7-validates-as-required\"><span class=\"wpcf7-list-item first last\"><label><input type=\"checkbox\" name=\"daten[]\" value=\"Ja, ich erkl\u00e4re mich einverstanden, dass meine personenbezogenen Daten zum Zwecke der Nutzung des Service und der Kontaktaufnahme, durch AMP Lift GmbH, B\u00fcrgermeister-M\u00fcller-Stra\u00dfe 2b, 86663 Asbach-B\u00e4umenheim gespeichert und verarbeitet werden d\u00fcrfen.\nMeine Daten werden ausschlie\u00dflich zu diesem Zweck genutzt.\nInsbesondere erfolgt keine Weitergabe an unberechtigte Dritte.\nMir ist bekannt, dass ich meine Einwilligung jederzeit mit Wirkung f\u00fcr die Zukunft widerrufen kann.\nDies kann ich sowohl elektronisch, per E-Mail an service@amp-lift-gmbh.de als auch postalisch an AMP Lift GmbH, B\u00fcrgermeister-M\u00fcller-Stra\u00dfe 2b, 86663 Asbach-B\u00e4umenheim durchf\u00fchren.\nEs gilt die Datenschutzerkl\u00e4rung von AMP-Lift-GmbH.de\" \/><span class=\"wpcf7-list-item-label\">Ja, ich erkl\u00e4re mich einverstanden, dass meine personenbezogenen Daten zum Zwecke der Nutzung des Service und der Kontaktaufnahme, durch AMP Lift GmbH, B\u00fcrgermeister-M\u00fcller-Stra\u00dfe 2b, 86663 Asbach-B\u00e4umenheim gespeichert und verarbeitet werden d\u00fcrfen.\nMeine Daten werden ausschlie\u00dflich zu diesem Zweck genutzt.\nInsbesondere erfolgt keine Weitergabe an unberechtigte Dritte.\nMir ist bekannt, dass ich meine Einwilligung jederzeit mit Wirkung f\u00fcr die Zukunft widerrufen kann.\nDies kann ich sowohl elektronisch, per E-Mail an service@amp-lift-gmbh.de als auch postalisch an AMP Lift GmbH, B\u00fcrgermeister-M\u00fcller-Stra\u00dfe 2b, 86663 Asbach-B\u00e4umenheim durchf\u00fchren.\nEs gilt die Datenschutzerkl\u00e4rung von AMP-Lift-GmbH.de<\/span><\/label><\/span><\/span><\/span>\n\t\t\t\t<\/p>\n\t\t\t<\/div>\n\t\t\t<div class=\"tm-btn-class-contactform tm-center-text\">\n\t\t\t\t<p><input class=\"wpcf7-form-control wpcf7-submit has-spinner tm-vc_general tm-vc_btn3 tm-vc_btn3-shape-square tm-vc_btn3-color-skincolor\" type=\"submit\" value=\"Senden\" \/>\n\t\t\t\t<div class=\"wpcf7-response-output\" aria-hidden=\"true\"><\/div>\n\t\t\t<\/div>\n\t\t<\/div>\n\t<\/div>\n<\/div>\n<\/form>\n<\/div>\n[\/vc_column][\/vc_row][vc_row][vc_column width=&#8220;1\/2&#8243;][vc_gmaps link=&#8220;#E-8_JTNDaWZyYW1lJTIwd2lkdGglM0QlMjI1MDAlMjIlMjBoZWlnaHQlM0QlMjI0NTAlMjIlMjBzcmMlM0QlMjJodHRwcyUzQSUyRiUyRnd3dy5vcGVuc3RyZWV0bWFwLm9yZyUyRmV4cG9ydCUyRmVtYmVkLmh0bWwlM0ZiYm94JTNEMTAuODIxNjA4MzA0OTc3NDE5JTI1MkM0OC42NzI3NDMxMzY3OTAzMjQlMjUyQzEwLjgyNTAzODg1MDMwNzQ2NSUyNTJDNDguNjc0MzA4ODcxNjcxMDclMjZhbXAlM0JsYXllciUzRG1hcG5payUyNmFtcCUzQm1hcmtlciUzRDQ4LjY3MzUyNjAxMDMxMjk4JTI1MkMxMC44MjMzMjM1Nzc2NDI0NCUyMiUyMHN0eWxlJTNEJTIyYm9yZGVyJTNBJTIwMXB4JTIwc29saWQlMjBibGFjayUyMiUzRSUzQyUyRmlmcmFtZSUzRSUzQ2JyJTJGJTNFJTNDc21hbGwlM0UlM0NhJTIwaHJlZiUzRCUyMmh0dHBzJTNBJTJGJTJGd3d3Lm9wZW5zdHJlZXRtYXAub3JnJTJGJTNGbWxhdCUzRDQ4LjY3MzUzJTI2YW1wJTNCbWxvbiUzRDEwLjgyMzMyJTIzbWFwJTNEMTklMkY0OC42NzM1MyUyRjEwLjgyMzMyJTIyJTNFR3IlQzMlQjYlQzMlOUZlcmUlMjBLYXJ0ZSUyMGFuemVpZ2VuJTNDJTJGYSUzRSUzQyUyRnNtYWxsJTNF&#8220;][\/vc_column][vc_column width=&#8220;1\/2&#8243;][vc_column_text]<\/p>\n<h2>Kontaktieren Sie uns:<\/h2>\n<h4>AMP Lift GmbH<\/h4>\n<p>B\u00fcrgermeister-M\u00fcller-Stra\u00dfe 2b<br \/>\n86663 Asbach-B\u00e4umenheim<\/p>\n<p>Telefon: 090697643917<br \/>\nE-Mail: service@amp-lift-gmbh.de[\/vc_column_text][\/vc_column][\/vc_row]<\/p>\n","protected":false},"excerpt":{"rendered":"<p>[vc_row][vc_column][\/vc_column][\/vc_row][vc_row][vc_column width=&#8220;1\/2&#8243;][vc_gmaps link=&#8220;#E-8_JTNDaWZyYW1lJTIwd2lkdGglM0QlMjI1MDAlMjIlMjBoZWlnaHQlM0QlMjI0NTAlMjIlMjBzcmMlM0QlMjJodHRwcyUzQSUyRiUyRnd3dy5vcGVuc3RyZWV0bWFwLm9yZyUyRmV4cG9ydCUyRmVtYmVkLmh0bWwlM0ZiYm94JTNEMTAuODIxNjA4MzA0OTc3NDE5JTI1MkM0OC42NzI3NDMxMzY3OTAzMjQlMjUyQzEwLjgyNTAzODg1MDMwNzQ2NSUyNTJDNDguNjc0MzA4ODcxNjcxMDclMjZhbXAlM0JsYXllciUzRG1hcG5payUyNmFtcCUzQm1hcmtlciUzRDQ4LjY3MzUyNjAxMDMxMjk4JTI1MkMxMC44MjMzMjM1Nzc2NDI0NCUyMiUyMHN0eWxlJTNEJTIyYm9yZGVyJTNBJTIwMXB4JTIwc29saWQlMjBibGFjayUyMiUzRSUzQyUyRmlmcmFtZSUzRSUzQ2JyJTJGJTNFJTNDc21hbGwlM0UlM0NhJTIwaHJlZiUzRCUyMmh0dHBzJTNBJTJGJTJGd3d3Lm9wZW5zdHJlZXRtYXAub3JnJTJGJTNGbWxhdCUzRDQ4LjY3MzUzJTI2YW1wJTNCbWxvbiUzRDEwLjgyMzMyJTIzbWFwJTNEMTklMkY0OC42NzM1MyUyRjEwLjgyMzMyJTIyJTNFR3IlQzMlQjYlQzMlOUZlcmUlMjBLYXJ0ZSUyMGFuemVpZ2VuJTNDJTJGYSUzRSUzQyUyRnNtYWxsJTNF&#8220;][\/vc_column][vc_column width=&#8220;1\/2&#8243;][vc_column_text] Kontaktieren Sie uns: AMP Lift GmbH B\u00fcrgermeister-M\u00fcller-Stra\u00dfe 2b 86663 Asbach-B\u00e4umenheim Telefon: 090697643917 E-Mail: service@amp-lift-gmbh.de[\/vc_column_text][\/vc_column][\/vc_row]<\/p>\n","protected":false},"author":1,"featured_media":0,"parent":0,"menu_order":0,"comment_status":"closed","ping_status":"closed","template":"","meta":{"footnotes":""},"class_list":["post-3067","page","type-page","status-publish","hentry"],"_links":{"self":[{"href":"https:\/\/ampmain.hgdevs.org\/index.php\/wp-json\/wp\/v2\/pages\/3067","targetHints":{"allow":["GET"]}}],"collection":[{"href":"https:\/\/ampmain.hgdevs.org\/index.php\/wp-json\/wp\/v2\/pages"}],"about":[{"href":"https:\/\/ampmain.hgdevs.org\/index.php\/wp-json\/wp\/v2\/types\/page"}],"author":[{"embeddable":true,"href":"https:\/\/ampmain.hgdevs.org\/index.php\/wp-json\/wp\/v2\/users\/1"}],"replies":[{"embeddable":true,"href":"https:\/\/ampmain.hgdevs.org\/index.php\/wp-json\/wp\/v2\/comments?post=3067"}],"version-history":[{"count":4,"href":"https:\/\/ampmain.hgdevs.org\/index.php\/wp-json\/wp\/v2\/pages\/3067\/revisions"}],"predecessor-version":[{"id":3153,"href":"https:\/\/ampmain.hgdevs.org\/index.php\/wp-json\/wp\/v2\/pages\/3067\/revisions\/3153"}],"wp:attachment":[{"href":"https:\/\/ampmain.hgdevs.org\/index.php\/wp-json\/wp\/v2\/media?parent=3067"}],"curies":[{"name":"wp","href":"https:\/\/api.w.org\/{rel}","templated":true}]}}